{"id":3350,"date":"2026-04-09T15:16:46","date_gmt":"2026-04-09T15:16:46","guid":{"rendered":"https:\/\/questionmark.rs\/?post_type=product&#038;p=3350"},"modified":"2026-04-22T15:35:34","modified_gmt":"2026-04-22T15:35:34","slug":"axis-majica","status":"publish","type":"product","link":"https:\/\/questionmark.rs\/en\/product\/axis-majica\/","title":{"rendered":"Axis Majica"},"content":{"rendered":"<p>Axis majica pomera klasi\u010dnu formu kroz konstrukciju koja prati telo i nagla\u0161ava struk. Bo\u010dno je uhva\u0107ena tako da stvara prirodne nabore i oblikuje siluetu na suptilan na\u010din, dok uklonjive naramenice omogu\u0107avaju da se nosi na razli\u010dite na\u010dine.<\/p>\n<p>Sastav: 100% pamuk<\/p>\n","protected":false},"excerpt":{"rendered":"<p>Axis majica pomera klasi\u010dnu formu kroz konstrukciju koja prati telo i nagla\u0161ava struk. Bo\u010dno je uhva\u0107ena tako da stvara prirodne<\/p>\n","protected":false},"featured_media":3497,"template":"","meta":[],"product_brand":[],"product_cat":[150],"product_tag":[],"class_list":{"0":"post-3350","1":"product","2":"type-product","3":"status-publish","4":"has-post-thumbnail","6":"product_cat-majice","8":"first","9":"instock","10":"shipping-taxable","11":"purchasable","12":"product-type-variable"},"bundled_by":[],"bundle_stock_status":"instock","bundle_stock_quantity":null,"bundle_virtual":false,"bundle_layout":"","bundle_add_to_cart_form_location":"","bundle_editable_in_cart":false,"bundle_sold_individually_context":"","bundle_item_grouping":"","bundle_min_size":"","bundle_max_size":"","bundle_price":[],"bundled_items":[],"bundle_sell_ids":[],"yoast_head":"<!-- This site is optimized with the Yoast SEO plugin v27.2 - https:\/\/yoast.com\/product\/yoast-seo-wordpress\/ -->\n<title>Axis Majica - Questionmark<\/title>\n<meta name=\"robots\" content=\"index, follow, max-snippet:-1, max-image-preview:large, max-video-preview:-1\" \/>\n<link rel=\"canonical\" href=\"https:\/\/questionmark.rs\/proizvod\/axis-majica\/\" \/>\n<meta property=\"og:locale\" content=\"en_US\" \/>\n<meta property=\"og:type\" content=\"article\" \/>\n<meta property=\"og:title\" content=\"Axis Majica - Questionmark\" \/>\n<meta property=\"og:description\" content=\"Axis majica pomera klasi\u010dnu formu kroz konstrukciju koja prati telo i nagla\u0161ava struk. Bo\u010dno je uhva\u0107ena tako da stvara prirodne\" \/>\n<meta property=\"og:url\" content=\"https:\/\/questionmark.rs\/proizvod\/axis-majica\/\" \/>\n<meta property=\"og:site_name\" content=\"Questionmark\" \/>\n<meta property=\"article:modified_time\" content=\"2026-04-22T15:35:34+00:00\" \/>\n<meta property=\"og:image\" content=\"https:\/\/questionmark.rs\/wp-content\/uploads\/2026\/04\/MB-75.jpg\" \/>\n\t<meta property=\"og:image:width\" content=\"1024\" \/>\n\t<meta property=\"og:image:height\" content=\"1544\" \/>\n\t<meta property=\"og:image:type\" content=\"image\/jpeg\" \/>\n<meta name=\"twitter:card\" content=\"summary_large_image\" \/>\n<meta name=\"twitter:label1\" content=\"Est. reading time\" \/>\n\t<meta name=\"twitter:data1\" content=\"1 minute\" \/>\n<script type=\"application\/ld+json\" class=\"yoast-schema-graph\">{\"@context\":\"https:\/\/schema.org\",\"@graph\":[{\"@type\":\"WebPage\",\"@id\":\"https:\/\/questionmark.rs\/proizvod\/axis-majica\/\",\"url\":\"https:\/\/questionmark.rs\/proizvod\/axis-majica\/\",\"name\":\"Axis Majica - Questionmark\",\"isPartOf\":{\"@id\":\"https:\/\/questionmark.rs\/#website\"},\"primaryImageOfPage\":{\"@id\":\"https:\/\/questionmark.rs\/proizvod\/axis-majica\/#primaryimage\"},\"image\":{\"@id\":\"https:\/\/questionmark.rs\/proizvod\/axis-majica\/#primaryimage\"},\"thumbnailUrl\":\"https:\/\/questionmark.rs\/wp-content\/uploads\/2026\/04\/MB-75.jpg\",\"datePublished\":\"2026-04-09T15:16:46+00:00\",\"dateModified\":\"2026-04-22T15:35:34+00:00\",\"breadcrumb\":{\"@id\":\"https:\/\/questionmark.rs\/proizvod\/axis-majica\/#breadcrumb\"},\"inLanguage\":\"en-US\",\"potentialAction\":[{\"@type\":\"ReadAction\",\"target\":[\"https:\/\/questionmark.rs\/proizvod\/axis-majica\/\"]}]},{\"@type\":\"ImageObject\",\"inLanguage\":\"en-US\",\"@id\":\"https:\/\/questionmark.rs\/proizvod\/axis-majica\/#primaryimage\",\"url\":\"https:\/\/questionmark.rs\/wp-content\/uploads\/2026\/04\/MB-75.jpg\",\"contentUrl\":\"https:\/\/questionmark.rs\/wp-content\/uploads\/2026\/04\/MB-75.jpg\",\"width\":1024,\"height\":1544},{\"@type\":\"BreadcrumbList\",\"@id\":\"https:\/\/questionmark.rs\/proizvod\/axis-majica\/#breadcrumb\",\"itemListElement\":[{\"@type\":\"ListItem\",\"position\":1,\"name\":\"Home\",\"item\":\"https:\/\/questionmark.rs\/en\/\"},{\"@type\":\"ListItem\",\"position\":2,\"name\":\"Shop\",\"item\":\"https:\/\/questionmark.rs\/en\/shop\/\"},{\"@type\":\"ListItem\",\"position\":3,\"name\":\"Axis Majica\"}]},{\"@type\":\"WebSite\",\"@id\":\"https:\/\/questionmark.rs\/#website\",\"url\":\"https:\/\/questionmark.rs\/\",\"name\":\"Questionmark\",\"description\":\"Clothing brand by K\",\"publisher\":{\"@id\":\"https:\/\/questionmark.rs\/#organization\"},\"potentialAction\":[{\"@type\":\"SearchAction\",\"target\":{\"@type\":\"EntryPoint\",\"urlTemplate\":\"https:\/\/questionmark.rs\/?s={search_term_string}\"},\"query-input\":{\"@type\":\"PropertyValueSpecification\",\"valueRequired\":true,\"valueName\":\"search_term_string\"}}],\"inLanguage\":\"en-US\"},{\"@type\":\"Organization\",\"@id\":\"https:\/\/questionmark.rs\/#organization\",\"name\":\"Questionmark\",\"url\":\"https:\/\/questionmark.rs\/\",\"logo\":{\"@type\":\"ImageObject\",\"inLanguage\":\"en-US\",\"@id\":\"https:\/\/questionmark.rs\/#\/schema\/logo\/image\/\",\"url\":\"https:\/\/questionmark.rs\/wp-content\/uploads\/2025\/04\/Questionmark-logo-black.png\",\"contentUrl\":\"https:\/\/questionmark.rs\/wp-content\/uploads\/2025\/04\/Questionmark-logo-black.png\",\"width\":1200,\"height\":280,\"caption\":\"Questionmark\"},\"image\":{\"@id\":\"https:\/\/questionmark.rs\/#\/schema\/logo\/image\/\"},\"sameAs\":[\"https:\/\/www.instagram.com\/questionmarkbyk\"]}]}<\/script>\n<!-- \/ Yoast SEO plugin. -->","yoast_head_json":{"title":"Axis Majica - Questionmark","robots":{"index":"index","follow":"follow","max-snippet":"max-snippet:-1","max-image-preview":"max-image-preview:large","max-video-preview":"max-video-preview:-1"},"canonical":"https:\/\/questionmark.rs\/proizvod\/axis-majica\/","og_locale":"en_US","og_type":"article","og_title":"Axis Majica - Questionmark","og_description":"Axis majica pomera klasi\u010dnu formu kroz konstrukciju koja prati telo i nagla\u0161ava struk. Bo\u010dno je uhva\u0107ena tako da stvara prirodne","og_url":"https:\/\/questionmark.rs\/proizvod\/axis-majica\/","og_site_name":"Questionmark","article_modified_time":"2026-04-22T15:35:34+00:00","og_image":[{"width":1024,"height":1544,"url":"https:\/\/questionmark.rs\/wp-content\/uploads\/2026\/04\/MB-75.jpg","type":"image\/jpeg"}],"twitter_card":"summary_large_image","twitter_misc":{"Est. reading time":"1 minute"},"schema":{"@context":"https:\/\/schema.org","@graph":[{"@type":"WebPage","@id":"https:\/\/questionmark.rs\/proizvod\/axis-majica\/","url":"https:\/\/questionmark.rs\/proizvod\/axis-majica\/","name":"Axis Majica - Questionmark","isPartOf":{"@id":"https:\/\/questionmark.rs\/#website"},"primaryImageOfPage":{"@id":"https:\/\/questionmark.rs\/proizvod\/axis-majica\/#primaryimage"},"image":{"@id":"https:\/\/questionmark.rs\/proizvod\/axis-majica\/#primaryimage"},"thumbnailUrl":"https:\/\/questionmark.rs\/wp-content\/uploads\/2026\/04\/MB-75.jpg","datePublished":"2026-04-09T15:16:46+00:00","dateModified":"2026-04-22T15:35:34+00:00","breadcrumb":{"@id":"https:\/\/questionmark.rs\/proizvod\/axis-majica\/#breadcrumb"},"inLanguage":"en-US","potentialAction":[{"@type":"ReadAction","target":["https:\/\/questionmark.rs\/proizvod\/axis-majica\/"]}]},{"@type":"ImageObject","inLanguage":"en-US","@id":"https:\/\/questionmark.rs\/proizvod\/axis-majica\/#primaryimage","url":"https:\/\/questionmark.rs\/wp-content\/uploads\/2026\/04\/MB-75.jpg","contentUrl":"https:\/\/questionmark.rs\/wp-content\/uploads\/2026\/04\/MB-75.jpg","width":1024,"height":1544},{"@type":"BreadcrumbList","@id":"https:\/\/questionmark.rs\/proizvod\/axis-majica\/#breadcrumb","itemListElement":[{"@type":"ListItem","position":1,"name":"Home","item":"https:\/\/questionmark.rs\/en\/"},{"@type":"ListItem","position":2,"name":"Shop","item":"https:\/\/questionmark.rs\/en\/shop\/"},{"@type":"ListItem","position":3,"name":"Axis Majica"}]},{"@type":"WebSite","@id":"https:\/\/questionmark.rs\/#website","url":"https:\/\/questionmark.rs\/","name":"Questionmark","description":"Clothing brand by K","publisher":{"@id":"https:\/\/questionmark.rs\/#organization"},"potentialAction":[{"@type":"SearchAction","target":{"@type":"EntryPoint","urlTemplate":"https:\/\/questionmark.rs\/?s={search_term_string}"},"query-input":{"@type":"PropertyValueSpecification","valueRequired":true,"valueName":"search_term_string"}}],"inLanguage":"en-US"},{"@type":"Organization","@id":"https:\/\/questionmark.rs\/#organization","name":"Questionmark","url":"https:\/\/questionmark.rs\/","logo":{"@type":"ImageObject","inLanguage":"en-US","@id":"https:\/\/questionmark.rs\/#\/schema\/logo\/image\/","url":"https:\/\/questionmark.rs\/wp-content\/uploads\/2025\/04\/Questionmark-logo-black.png","contentUrl":"https:\/\/questionmark.rs\/wp-content\/uploads\/2025\/04\/Questionmark-logo-black.png","width":1200,"height":280,"caption":"Questionmark"},"image":{"@id":"https:\/\/questionmark.rs\/#\/schema\/logo\/image\/"},"sameAs":["https:\/\/www.instagram.com\/questionmarkbyk"]}]}},"_links":{"self":[{"href":"https:\/\/questionmark.rs\/en\/wp-json\/wp\/v2\/product\/3350","targetHints":{"allow":["GET"]}}],"collection":[{"href":"https:\/\/questionmark.rs\/en\/wp-json\/wp\/v2\/product"}],"about":[{"href":"https:\/\/questionmark.rs\/en\/wp-json\/wp\/v2\/types\/product"}],"version-history":[{"count":2,"href":"https:\/\/questionmark.rs\/en\/wp-json\/wp\/v2\/product\/3350\/revisions"}],"predecessor-version":[{"id":3546,"href":"https:\/\/questionmark.rs\/en\/wp-json\/wp\/v2\/product\/3350\/revisions\/3546"}],"wp:featuredmedia":[{"embeddable":true,"href":"https:\/\/questionmark.rs\/en\/wp-json\/wp\/v2\/media\/3497"}],"wp:attachment":[{"href":"https:\/\/questionmark.rs\/en\/wp-json\/wp\/v2\/media?parent=3350"}],"wp:term":[{"taxonomy":"product_brand","embeddable":true,"href":"https:\/\/questionmark.rs\/en\/wp-json\/wp\/v2\/product_brand?post=3350"},{"taxonomy":"product_cat","embeddable":true,"href":"https:\/\/questionmark.rs\/en\/wp-json\/wp\/v2\/product_cat?post=3350"},{"taxonomy":"product_tag","embeddable":true,"href":"https:\/\/questionmark.rs\/en\/wp-json\/wp\/v2\/product_tag?post=3350"}],"curies":[{"name":"wp","href":"https:\/\/api.w.org\/{rel}","templated":true}]}}